
{"id":30580,"date":"2022-07-12T20:52:42","date_gmt":"2022-07-12T20:52:42","guid":{"rendered":"https:\/\/pala-hack.com\/aviso-legal\/"},"modified":"2024-06-07T08:56:43","modified_gmt":"2024-06-07T08:56:43","slug":"aviso-legal","status":"publish","type":"page","link":"https:\/\/pala-hack.com\/pt-pt\/aviso-legal\/","title":{"rendered":"Aviso legal"},"content":{"rendered":"\n<p><strong>Datos identificativos del prestador del servicio<\/strong><\/p>\n\n\n\n<p>En cumplimiento de la Ley 34\/2002, de 11 de julio, de Servicios de la Sociedad de la Informaci\u00f3n y de comercio electr\u00f3nico (LSSI), le informamos de que el titular de este sitio web es:<\/p>\n\n\n\n<ul class=\"wp-block-list\">\n<li>DOGAL DIGITAL SL&nbsp;(en adelante,&nbsp;<strong>el titular<\/strong>)<\/li>\n\n\n\n<li>CIF B09860248<\/li>\n\n\n\n<li>Domicilio: R\u00faa Enrique Mari\u00f1as Romero, 8 \u2013 5\u00baB, 15009 A Coru\u00f1a.<\/li>\n\n\n\n<li>Correo electr\u00f3nico de contacto para este sitio web: <a href=\"mailto:dogaldigital@gmail.com\">dogaldigital@gmail.com<\/a><\/li>\n<\/ul>\n\n\n\n<p>Los dominios pala-hack.com son propiedad de\u00a0<strong>el titular<\/strong>.<\/p>\n\n\n\n<p>El sitio web pala-hack.com tiene por objeto ofrecer al p\u00fablico una comparador de palas y otros art\u00edculos de padel.<\/p>\n\n\n\n<p><strong>Aceptaci\u00f3n de las condiciones<\/strong><\/p>\n\n\n\n<p>El uso de este sitio web le otorga la condici\u00f3n de&nbsp;<strong>usuario<\/strong>. Al hacerlo, acepta todos los t\u00e9rminos y condiciones establecidos en el presente Aviso Legal. Si no est\u00e1 conforme con estas condiciones, debe abstenerse de utilizar la web.<\/p>\n\n\n\n<p>Se recomienda a todos los usuarios que lean detenidamente este Aviso Legal y lo revisen de forma peri\u00f3dica ya que las condiciones pueden ser modificadas en cualquier momento, sin previo aviso.<\/p>\n\n\n\n<p><strong>Obligaciones del usuario<\/strong><\/p>\n\n\n\n<p>Las condiciones de acceso y uso de este sitio web est\u00e1n supeditadas a la legalidad vigente y al uso l\u00edcito por parte del&nbsp;<strong>usuario<\/strong>. Queda prohibido cualquier tipo de actuaci\u00f3n en perjuicio de&nbsp;<strong>el titular<\/strong>.<\/p>\n\n\n\n<p>El&nbsp;<strong>usuario<\/strong>&nbsp;se compromete a utilizar este sitio web sin incurrir en actividades que puedan ser consideradas il\u00edcitas o ilegales, que infrinjan los derechos de&nbsp;<strong>el titular<\/strong>&nbsp;o de terceros, o que puedan da\u00f1ar, inutilizar, sobrecargar o deteriorar el sitio web o impedir su uso por parte de otros usuarios.<\/p>\n\n\n\n<p>Queda prohibido el uso de este sitio web con fines ilegales o no autorizados, en concreto y sin car\u00e1cter taxativo:<\/p>\n\n\n\n<ol class=\"wp-block-list\">\n<li>Cualquier forma de violaci\u00f3n de los derechos de terceros (derecho a la intimidad, derecho a la propia imagen, derechos de propiedad intelectual e industrial, etc.).<\/li>\n\n\n\n<li>Realizar, usando los contenidos de esta web, cualquier tipo de publicidad como env\u00edo de correos electr\u00f3nicos no solicitados (spam) o comunicaci\u00f3n similar.<\/li>\n\n\n\n<li>Introducir virus inform\u00e1ticos, archivos defectuosos o cualquier otro software o programa inform\u00e1tico que pueda provocar da\u00f1os o alteraciones no autorizadas de los contenidos o sistemas accesibles a trav\u00e9s de este sitio web.<\/li>\n<\/ol>\n\n\n\n<p><strong>El titular<\/strong>&nbsp;podr\u00e1 interrumpir en cualquier momento el acceso a su sitio web si detecta un uso contrario a la legalidad, la buena fe o a las presentes condiciones.<\/p>\n\n\n\n<p><strong>Propiedad intelectual, industrial y frames<\/strong><\/p>\n\n\n\n<p>Todos los elementos que forman este sitio web (contenido, estructura, dise\u00f1o, c\u00f3digo fuente) as\u00ed como los logos, marcas y dem\u00e1s signos distintivos que aparecen en la misma, son propiedad de&nbsp;<strong>el titular<\/strong>&nbsp;y est\u00e1n protegidos por los correspondientes derechos de propiedad intelectual.<\/p>\n\n\n\n<p>Todo el contenido del sitio web, incluyendo dise\u00f1os, texto, gr\u00e1ficos, im\u00e1genes, v\u00eddeo, informaci\u00f3n, aplicaciones, software, m\u00fasica, sonido y otros archivos, as\u00ed como su selecci\u00f3n y disposici\u00f3n son propiedad exclusiva de&nbsp;<strong>el titular<\/strong>.<\/p>\n\n\n\n<p>Ninguna parte del sitio web podr\u00e1 ser modificada, copiada, distribuida, enmarcada, reproducida, republicada, descargada, extra\u00edda, mostrada, publicada, transmitida o vendida en modo alguno o por ning\u00fan medio, total o parcialmente, sin el previo consentimiento por escrito de&nbsp;<strong>el titular<\/strong>.<\/p>\n\n\n\n<p><strong>El titular<\/strong>&nbsp;declara su respeto a los derechos de propiedad intelectual e industrial de terceros; por ello, si considera que este sitio web pudiera estar violando sus derechos, rogamos se ponga en contacto con&nbsp;<strong>el titular<\/strong>.<\/p>\n\n\n\n<p><strong>Responsabilidad<\/strong><\/p>\n\n\n\n<p><strong>El titular<\/strong>&nbsp;no garantiza la inexistencia de errores en el acceso a la web, en su contenido, ni que \u00e9ste se encuentre actualizado. Se har\u00e1 lo posible para evitarlos, subsanarlos o actualizarlos.<\/p>\n\n\n\n<p>Tanto el acceso a la web como el uso que pueda hacerse de la informaci\u00f3n que contiene es de la exclusiva responsabilidad de quien lo realiza. El&nbsp;<strong>usuario<\/strong>&nbsp;ser\u00e1 el \u00fanico responsable de las infracciones en que pueda incurrir o de los perjuicios que se puedan causar a terceros por la indebida o ileg\u00edtima utilizaci\u00f3n de este sitio web.<\/p>\n\n\n\n<p>E<strong>l titular<\/strong>&nbsp;no se hace responsable de los posibles errores de seguridad que se puedan producir ni de los posibles da\u00f1os que puedan causarse al sistema inform\u00e1tico del Usuario (hardware y software) o a los ficheros o documentos almacenados en el mismo, como consecuencia de la presencia de virus en el ordenador del Usuario utilizado para la conexi\u00f3n a los servicios y contenidos de la web, de un mal funcionamiento del navegador o del uso de versiones no actualizadas del mismo.<\/p>\n\n\n\n<p><strong>El titular<\/strong>&nbsp;no ser\u00e1 responsable de los posibles da\u00f1os o perjuicios que se pudieran derivar de interferencias, omisiones, interrupciones, virus inform\u00e1ticos, aver\u00edas telef\u00f3nicas o desconexiones en el funcionamiento operativo de los sistemas electr\u00f3nicos o inform\u00e1ticos, motivadas por causas ajenas a la empresa, de los retrasos o bloqueos en el uso de dichos sistemas causados por deficiencias o sobrecargas de l\u00edneas telef\u00f3nicas, sobrecargas en el sistema de Internet o en otros sistemas electr\u00f3nicos.<\/p>\n\n\n\n<p>No obstante, y en cumplimiento de lo dispuesto en la LSSI,&nbsp;<strong>el titular<\/strong>&nbsp;se pone a disposici\u00f3n de todos los usuarios, autoridades y fuerzas de seguridad, y colaborando de forma activa en la retirada o en su caso bloqueo de todos aquellos contenidos que pudieran afectar o contravenir la legislaci\u00f3n nacional, o internacional, derechos de terceros o la moral y el orden p\u00fablico. En caso de que el usuario considere que existe en el sitio web alg\u00fan contenido que pudiera ser susceptible de esta clasificaci\u00f3n, rogamos se ponga en contacto con&nbsp;<strong>el titular<\/strong>.<\/p>\n\n\n\n<p><strong>Newsletter<\/strong><\/p>\n\n\n\n<p>El&nbsp;<strong>usuario<\/strong>&nbsp;puede suscribirse a la \u201cnewsletter\u201d de este sitio web desde el enlace que se muestra en la parte inferior de cada p\u00e1gina. Este servicio est\u00e1 prestado por Sendinblue, por lo que son de aplicaci\u00f3n sus t\u00e9rminos y condiciones, que pueden ser consultados en <a href=\"https:\/\/sendinblue.com\">https:\/\/sendinblue.com<\/a>.<\/p>\n\n\n\n<p>Si se suscribe, recibir\u00e1 los boletines de novedades que se publiquen peri\u00f3dicamente. Si cambia de opini\u00f3n, podr\u00e1 darse de baja de la lista desde el propio correo electr\u00f3nico que reciba, o escribiendo a&nbsp;dogaldigital@gmail.com.<\/p>\n\n\n\n<p>El usuario acepta que \u00fanicamente utilizar\u00e1 el correo electr\u00f3nico de una tercera persona para suscribirla a la \u201cnewsletter\u201d si tiene el consentimiento expreso de esa persona.<\/p>\n\n\n\n<p><strong>Hiperenlaces (Links)<\/strong><\/p>\n\n\n\n<p>Los enlaces contenidos en nuestro sitio web pueden dirigir a contenidos web de terceros. Dichas p\u00e1ginas no pertenecen a&nbsp;<strong>el titular<\/strong>, ni se hace una revisi\u00f3n de sus contenidos y, por ello,&nbsp;<strong>el titular<\/strong>&nbsp;no asume ninguna responsabilidad por el contenido, informaciones o servicios que pudieran aparecer en dichos sitios, que tendr\u00e1n exclusivamente car\u00e1cter informativo y que en ning\u00fan caso implican relaci\u00f3n alguna entre&nbsp;<strong>el titular<\/strong>&nbsp;y las personas o entidades titulares de tales contenidos o titulares de los sitios donde se encuentren.&nbsp;<strong>El titular<\/strong>&nbsp;tampoco puede hacerse responsable del funcionamiento de la p\u00e1gina enlazada o de los posibles da\u00f1os que puedan derivarse del acceso o uso de ella.<\/p>\n\n\n\n<p>Los enlaces a la web de&nbsp;<strong>el titular<\/strong>&nbsp;deber\u00e1n respetar las siguientes condiciones:<\/p>\n\n\n\n<ol class=\"wp-block-list\" style=\"list-style-type:1\">\n<li>El establecimiento del enlace no supondr\u00e1 ning\u00fan tipo de acuerdo, contrato, patrocinio ni recomendaci\u00f3n por parte del titular de la p\u00e1gina que realiza el enlace.<\/li>\n\n\n\n<li>La p\u00e1gina web en la que se establezca el hiperenlace no contendr\u00e1 informaciones con contenidos que sean il\u00edcitos, discriminatorios, contrarios a los principios \u00e9ticos com\u00fanmente aceptados o atenten contra el orden p\u00fablico, as\u00ed como tampoco contendr\u00e1 contenidos contrarios a cualesquiera derechos de terceros.<\/li>\n\n\n\n<li><strong>El titular<\/strong>&nbsp;podr\u00e1 solicitar que se retire un enlace a su web, sin necesidad de alegar causa alguna. En tal caso, la p\u00e1gina que haya realizado el enlace deber\u00e1 proceder a su inmediata supresi\u00f3n, tan pronto como reciba la notificaci\u00f3n de&nbsp;<strong>el titular<\/strong>.<\/li>\n\n\n\n<li>No se responsabiliza en modo alguno ni garantiza la calidad, exactitud, fiabilidad, correcci\u00f3n o moralidad de contenidos o servicios que el establecimiento del hiperenlace pueda ofrecer. El usuario asume bajo su exclusiva responsabilidad las consecuencias, da\u00f1os o acciones que pudieran derivarse del acceso a la p\u00e1gina web del hiperenlace.<\/li>\n\n\n\n<li>La p\u00e1gina web en la que se establezca el hiperenlace no podr\u00e1 contener marca, denominaci\u00f3n, logotipo, eslogan u otros signos distintivos pertenecientes a&nbsp;<strong>el titular<\/strong>&nbsp;excepto aquellos signos que formen parte del mismo hiperenlace.<\/li>\n<\/ol>\n\n\n\n<p><strong>Protecci\u00f3n de Datos Personales<\/strong><\/p>\n\n\n\n<p>Acceda a nuestra&nbsp;<a href=\"https:\/\/pala-hack.com\/politica-privacidad\/\">Pol\u00edtica de Protecci\u00f3n de Datos Personales<\/a>.<\/p>\n\n\n\n<p><strong>Pol\u00edtica de Cookies<\/strong><\/p>\n\n\n\n<p>Acceda a nuestra&nbsp;<a href=\"https:\/\/pala-hack.com\/politica-de-cookies\/\">Pol\u00edtica de Cookies<\/a>.<\/p>\n\n\n\n<p>La ley aplicable en caso de disputa o conflicto de interpretaci\u00f3n de los t\u00e9rminos que conforman este Aviso Legal, as\u00ed como cualquier cuesti\u00f3n relacionada con los servicios del presente sitio web, ser\u00e1 la ley espa\u00f1ola.<\/p>\n\n\n\n<p><strong>Ley aplicable y jurisdicci\u00f3n<\/strong><\/p>\n\n\n\n<p>Toda controversia o conflicto que se derive de las presentes condiciones generales se resolver\u00e1 definitivamente, mediante arbitraje de uno o m\u00e1s \u00e1rbitros en el marco de la Corte Espa\u00f1ola de Arbitraje, de conformidad con su reglamento y Estatuto, a la que se encomienda la administraci\u00f3n del arbitraje y la designaci\u00f3n del \u00e1rbitro o del tribunal arbitral. Las partes hacen constar su compromiso de cumplir el laudo arbitral que se dicte.<\/p>\n\n\n\n<p>Para el caso de que esta v\u00eda no llegue a solucionar definitivamente el conflicto,&nbsp;<strong>el titular<\/strong>&nbsp;y el Usuario acuerdan someterse a los juzgados y tribunales de la ciudad de A Coru\u00f1a, Espa\u00f1a, renunciando expresamente el Usuario a cualquier otro foro que pudiera corresponderle.<\/p>\n","protected":false},"excerpt":{"rendered":"<p>Datos identificativos del prestador del servicio En cumplimiento de la Ley 34\/2002, de 11 de julio, de Servicios de la Sociedad de la Informaci\u00f3n y de comercio electr\u00f3nico (LSSI), le informamos de que el titular de este sitio web es: Los dominios pala-hack.com son propiedad de\u00a0el titular. El sitio web pala-hack.com tiene por objeto ofrecer [&hellip;]<\/p>\n","protected":false},"author":1,"featured_media":0,"parent":0,"menu_order":0,"comment_status":"closed","ping_status":"closed","template":"page-legal.php","meta":{"_acf_changed":false,"footnotes":""},"class_list":["post-30580","page","type-page","status-publish","hentry"],"acf":[],"Campo_personalizado":null,"_links":{"self":[{"href":"https:\/\/pala-hack.com\/pt-pt\/wp-json\/wp\/v2\/pages\/30580","targetHints":{"allow":["GET"]}}],"collection":[{"href":"https:\/\/pala-hack.com\/pt-pt\/wp-json\/wp\/v2\/pages"}],"about":[{"href":"https:\/\/pala-hack.com\/pt-pt\/wp-json\/wp\/v2\/types\/page"}],"author":[{"embeddable":true,"href":"https:\/\/pala-hack.com\/pt-pt\/wp-json\/wp\/v2\/users\/1"}],"replies":[{"embeddable":true,"href":"https:\/\/pala-hack.com\/pt-pt\/wp-json\/wp\/v2\/comments?post=30580"}],"version-history":[{"count":1,"href":"https:\/\/pala-hack.com\/pt-pt\/wp-json\/wp\/v2\/pages\/30580\/revisions"}],"predecessor-version":[{"id":30835,"href":"https:\/\/pala-hack.com\/pt-pt\/wp-json\/wp\/v2\/pages\/30580\/revisions\/30835"}],"wp:attachment":[{"href":"https:\/\/pala-hack.com\/pt-pt\/wp-json\/wp\/v2\/media?parent=30580"}],"curies":[{"name":"wp","href":"https:\/\/api.w.org\/{rel}","templated":true}]}}