
{"id":31970,"date":"2022-02-27T15:59:25","date_gmt":"2022-02-27T15:59:25","guid":{"rendered":"https:\/\/pala-hack.com\/politica-privacidad\/"},"modified":"2024-06-07T11:17:01","modified_gmt":"2024-06-07T11:17:01","slug":"politica-sulla-privacy","status":"publish","type":"page","link":"https:\/\/pala-hack.com\/it\/politica-sulla-privacy\/","title":{"rendered":"Politica sulla privacy"},"content":{"rendered":"\n<p><strong>Introducci\u00f3n<\/strong><\/p>\n\n\n\n<p>Dogal Digital SL, como titular del sitio web pala-hack.com, en aplicaci\u00f3n de la normativa vigente en materia de protecci\u00f3n de datos de car\u00e1cter personal, le informa que los datos personales que se recogen a trav\u00e9s de los formularios del este sitio web se incluyen en ficheros automatizados.<\/p>\n\n\n\n<p>La recogida y tratamiento automatizado de los datos de car\u00e1cter personal tiene como finalidad el mantenimiento de la relaci\u00f3n comercial y el desempe\u00f1o de tareas de informaci\u00f3n, formaci\u00f3n, asesoramiento y otras actividades propias de pala-hack.com.<\/p>\n\n\n\n<p><strong>El titular<\/strong>&nbsp;adopta las medidas necesarias para garantizar la seguridad, integridad y confidencialidad de los datos conforme a lo dispuesto en el Reglamento (UE) 2016\/679 del Parlamento Europeo y del Consejo, de 27 de abril de 2016, relativo a la protecci\u00f3n de las personas f\u00edsicas en lo que respecta al tratamiento de datos personales y a la libre circulaci\u00f3n de estos datos, y a la Ley Org\u00e1nica 3\/2018, de 5 diciembre, de Protecci\u00f3n de Datos y Garant\u00eda de los Derechos Digitales (LOPDGDD).<\/p>\n\n\n\n<p><strong>El usuario<\/strong>&nbsp;manifiesta que todos los datos facilitados por \u00e9l son ciertos y correctos, y se compromete a mantenerlos actualizados, comunicando los cambios a&nbsp;<strong>la titular<\/strong>.<\/p>\n\n\n\n<p><strong>El usuario<\/strong>&nbsp;podr\u00e1 en cualquier momento ejercitar los derechos de acceso, oposici\u00f3n, rectificaci\u00f3n, cancelaci\u00f3n, limitaci\u00f3n y portabilidad dirigi\u00e9ndose al titular, bien por correo electr\u00f3nico a&nbsp;<a href=\"mailto:dogaldigital@gmail.com\">dogaldigital@gmail.com<\/a>, o por carta a R\u00faa Enrique Mari\u00f1as Romero, 8 \u2013 5\u00baB, 15009 A Coru\u00f1a. En los siguientes apartados respondemos a algunas de las dudas que se le pueden plantear al usuario sobre el tratamiento que se hace de sus datos, y se establecen los compromisos que asume&nbsp;<strong>el titular<\/strong>&nbsp;para protegerlos de manera adecuada.<\/p>\n\n\n\n<p><strong>\u00bfQu\u00e9 datos personales se recogen?<\/strong><\/p>\n\n\n\n<p>En el sitio web pala-hack.com se recogen los siguientes datos, que pueden tener car\u00e1cter personal:<\/p>\n\n\n\n<ul class=\"wp-block-list\">\n<li>En formularios del consultorio:\n<ul class=\"wp-block-list\">\n<li>Nombre<\/li>\n\n\n\n<li>Direcci\u00f3n de correo electr\u00f3nico<\/li>\n<\/ul>\n<\/li>\n\n\n\n<li>En el formulario de suscripci\u00f3n a nuestra newsletter:\n<ul class=\"wp-block-list\">\n<li>Direcci\u00f3n de correo electr\u00f3nico<\/li>\n<\/ul>\n<\/li>\n<\/ul>\n\n\n\n<p>Cuando el&nbsp;<strong>usuario<\/strong>&nbsp;env\u00eda un correo electr\u00f3nico, solicitando informaci\u00f3n, se recoge su direcci\u00f3n de correo electr\u00f3nico.<\/p>\n\n\n\n<p><strong>\u00bfC\u00f3mo se recogen los datos personales?<\/strong><\/p>\n\n\n\n<p>En este sitio web s\u00f3lo se recogen y almacenan datos proporcionados por el propio usuario. Se recogen esos datos cuando el usuario:<\/p>\n\n\n\n<ul class=\"wp-block-list\">\n<li>Rellena el formulario del consultorio.<\/li>\n\n\n\n<li>Se registra para recibir nuestra newsletter.<\/li>\n<\/ul>\n\n\n\n<p><strong>\u00bfC\u00f3mo se utilizan los datos personales?<\/strong><\/p>\n\n\n\n<p>Los datos personales de los usuarios se utilizar\u00e1n para:<\/p>\n\n\n\n<ul class=\"wp-block-list\">\n<li>Enviar nuestra newsletter por correo electr\u00f3nico.<\/li>\n\n\n\n<li>Aceptar y contestar a las preguntas del consultorio.<\/li>\n<\/ul>\n\n\n\n<p>Los datos personales del usuario no ser\u00e1n compartidos con ning\u00fan tercero, salvo en caso de obligaci\u00f3n legal.<\/p>\n\n\n\n<p>Para que este sitio web pueda funcionar, y que el usuario pueda participar en los retos, se utilizan los proveedores que se detallan a continuaci\u00f3n. Los datos de los usuarios se almacenan en sus servidores.<\/p>\n\n\n\n<ul class=\"wp-block-list\">\n<li>www.hostinger.com, almacenamiento del sitio web.<\/li>\n\n\n\n<li>www.gmail.com, proveedor de correo electr\u00f3nico.<\/li>\n\n\n\n<li>www.sendinblue.com, para enviar la newsletter.<\/li>\n<\/ul>\n\n\n\n<p><strong>\u00bfC\u00f3mo se almacenan los datos personales?<\/strong><\/p>\n\n\n\n<p>Los datos personales de los usuarios se almacenan de manera segura en los servidores de los proveedores que se detallan en el apartado anterior.<\/p>\n\n\n\n<p><strong>Marketing<\/strong><\/p>\n\n\n\n<p>Los usuarios s\u00f3lo recibir\u00e1n la newsletter de bicihack.com si se suscriben a ella.<\/p>\n\n\n\n<p><strong>\u00bfQu\u00e9 derechos tiene el usuario sobre sus datos personales?<\/strong><\/p>\n\n\n\n<p><strong>El titular<\/strong>&nbsp;de&nbsp;https:\/\/bicihack.com&nbsp;quiere asegurarse de que el usuario es plenamente consciente del derecho que le asiste en la protecci\u00f3n de sus datos de car\u00e1cter personal. Todo usuario tiene derecho a lo siguiente:<\/p>\n\n\n\n<h4 class=\"wp-block-heading\"><strong>Derecho de acceso<\/strong><\/h4>\n\n\n\n<p>El usuario tiene derecho a solicitar que se le informe de los datos que&nbsp;<strong>el titular<\/strong>&nbsp;tiene almacenados sobre \u00e9l. Podr\u00eda aplicarse una peque\u00f1a tarifa por este servicio.<\/p>\n\n\n\n<h4 class=\"wp-block-heading\"><strong>Derecho de rectificaci\u00f3n<\/strong><\/h4>\n\n\n\n<p>El usuario tiene derecho a solicitar que se actualicen sus datos personales si son incorrectos o incompletos.<\/p>\n\n\n\n<h4 class=\"wp-block-heading\"><strong>Derecho de limitaci\u00f3n del tratamiento<\/strong><\/h4>\n\n\n\n<p>El usuario tiene derecho a solicitar que se limite el uso que&nbsp;<strong>el titular<\/strong>&nbsp;hace de sus datos personales, bajo ciertas condiciones.<\/p>\n\n\n\n<h4 class=\"wp-block-heading\"><strong>Derecho de oposici\u00f3n<\/strong><\/h4>\n\n\n\n<p>El usuario tiene derecho a oponerse al tratamiento que&nbsp;<strong>el titular<\/strong>&nbsp;realiza de sus datos. En ese caso, se dejar\u00e1n de tratar los datos, salvo que por motivos leg\u00edtimos imperiosos o el ejercicio o la defensa de posibles reclamaciones se tengan que seguir tratando.<\/p>\n\n\n\n<h4 class=\"wp-block-heading\"><strong>Derecho a la portabilidad de los datos<\/strong><\/h4>\n\n\n\n<p>El usuario tiene derecho a solicitar que sus datos sean tratados por otra empresa.&nbsp;<strong>El titular<\/strong>&nbsp;facilitar\u00e1 la portabilidad de sus datos al nuevo responsable.<\/p>\n\n\n\n<h4 class=\"wp-block-heading\"><strong>Derecho de supresi\u00f3n<\/strong><\/h4>\n\n\n\n<p>El usuario tiene derecho a solicitar a&nbsp;<strong>el titular<\/strong>&nbsp;que borre todos sus datos personales, cuando ya no sean necesarios para el tratamiento, retire su consentimiento, sea un tratamiento il\u00edcito o haya una obligaci\u00f3n legal de hacerlo.&nbsp;<strong>El titular<\/strong>&nbsp;analizar\u00e1 la solicitud y aplicar\u00e1 la ley.<\/p>\n\n\n\n<p>Para ejercer cualquiera de estos derechos, el usuario deber\u00e1 ponerse en contacto con la titular bien a trav\u00e9s del correo electr\u00f3nico&nbsp;<a href=\"mailto:dogaldigital@gmail.com\">dogaldigital@gmail.com<\/a>, o bien mediante carta a la direcci\u00f3n indicada en la introducci\u00f3n.&nbsp;<strong>El titular<\/strong>&nbsp;responder\u00e1 en el plazo m\u00e1ximo de un mes. Si el usuario necesita m\u00e1s informaci\u00f3n sobre los derechos que tiene recogidos en la ley o sobre c\u00f3mo ejercerlos, puede dirigirse a la&nbsp;<a href=\"https:\/\/www.aepd.es\/\" target=\"_blank\" rel=\"noreferrer noopener\">Agencia Espa\u00f1ola de Protecci\u00f3n de Datos<\/a>, que es la autoridad de control en materia de protecci\u00f3n de datos.<\/p>\n","protected":false},"excerpt":{"rendered":"<p>Introducci\u00f3n Dogal Digital SL, como titular del sitio web pala-hack.com, en aplicaci\u00f3n de la normativa vigente en materia de protecci\u00f3n de datos de car\u00e1cter personal, le informa que los datos personales que se recogen a trav\u00e9s de los formularios del este sitio web se incluyen en ficheros automatizados. La recogida y tratamiento automatizado de los [&hellip;]<\/p>\n","protected":false},"author":1,"featured_media":0,"parent":0,"menu_order":0,"comment_status":"closed","ping_status":"open","template":"page-legal.php","meta":{"_acf_changed":false,"footnotes":""},"class_list":["post-31970","page","type-page","status-publish","hentry"],"acf":[],"Campo_personalizado":null,"_links":{"self":[{"href":"https:\/\/pala-hack.com\/it\/wp-json\/wp\/v2\/pages\/31970","targetHints":{"allow":["GET"]}}],"collection":[{"href":"https:\/\/pala-hack.com\/it\/wp-json\/wp\/v2\/pages"}],"about":[{"href":"https:\/\/pala-hack.com\/it\/wp-json\/wp\/v2\/types\/page"}],"author":[{"embeddable":true,"href":"https:\/\/pala-hack.com\/it\/wp-json\/wp\/v2\/users\/1"}],"replies":[{"embeddable":true,"href":"https:\/\/pala-hack.com\/it\/wp-json\/wp\/v2\/comments?post=31970"}],"version-history":[{"count":1,"href":"https:\/\/pala-hack.com\/it\/wp-json\/wp\/v2\/pages\/31970\/revisions"}],"predecessor-version":[{"id":31976,"href":"https:\/\/pala-hack.com\/it\/wp-json\/wp\/v2\/pages\/31970\/revisions\/31976"}],"wp:attachment":[{"href":"https:\/\/pala-hack.com\/it\/wp-json\/wp\/v2\/media?parent=31970"}],"curies":[{"name":"wp","href":"https:\/\/api.w.org\/{rel}","templated":true}]}}