
{"id":31956,"date":"2022-07-12T20:54:46","date_gmt":"2022-07-12T20:54:46","guid":{"rendered":"https:\/\/pala-hack.com\/politica-de-cookies\/"},"modified":"2024-06-07T09:36:00","modified_gmt":"2024-06-07T09:36:00","slug":"politique-de-cookies","status":"publish","type":"page","link":"https:\/\/pala-hack.com\/fr\/politique-de-cookies\/","title":{"rendered":"Politique de cookies"},"content":{"rendered":"\n<p><strong>Introducci\u00f3n<\/strong><\/p>\n\n\n\n<p>En esta Pol\u00edtica de cookies se explica qu\u00e9 son las cookies que se instalan en los equipos de los usuarios del sitio web pala-hack.com, c\u00f3mo y para qu\u00e9 se utilizan esas cookies y c\u00f3mo se pueden configurar los distintos navegadores para bloquear su uso.<\/p>\n\n\n\n<p><strong>\u00bfQu\u00e9 son las&nbsp;<em>cookies<\/em>?<\/strong><\/p>\n\n\n\n<p>Una&nbsp;<em>cookie<\/em>&nbsp;es un peque\u00f1o fichero de texto que un sitio web almacena en el dispositivo que utiliza el usuario para navegar (ordenador, tableta, tel\u00e9fono inteligente o similar), con informaci\u00f3n sobre la forma en que se utiliza el sitio, o con una etiqueta que identifica el dispositivo utilizado.<\/p>\n\n\n\n<p>Las&nbsp;<em>cookies<\/em>&nbsp;son necesarias para facilitar la navegaci\u00f3n y conocer la manera en que interact\u00faan los usuarios con los sitios web, de manera que puedan ser mejorados. Tambi\u00e9n son \u00fatiles para poder ofrecer publicidad seg\u00fan las preferencias del usuario, as\u00ed como para otras finalidades que se detallan m\u00e1s adelante. Las&nbsp;<em>cookies<\/em>&nbsp;no da\u00f1an el dispositivo del usuario.<\/p>\n\n\n\n<p>El t\u00e9rmino&nbsp;<em>cookies<\/em>&nbsp;se utiliza tambi\u00e9n para referirse de manera extensiva a otras tecnolog\u00edas similares de instalaci\u00f3n y\/o recogida de informaci\u00f3n en o sobre el dispositivo del usuario (tales como&nbsp;<em>flash cookies<\/em>, web&nbsp;<em>beacons<\/em>,&nbsp;<em>pixels<\/em>, HTML5 de almacenamiento local). Asimismo, resulta tambi\u00e9n de aplicaci\u00f3n al uso de t\u00e9cnicas de&nbsp;<em>fingerprinting<\/em>, que ayudan a identificar el dispositivo desde el que navega el usuario. En ocasiones, estas tecnolog\u00edas funcionan de manera conjunta con cookies para recopilar y almacenar informaci\u00f3n, bien para proporcionar ciertas funcionalidades o servicios en el sitio web.<\/p>\n\n\n\n<p>Esta explicaci\u00f3n es una muestra general de lo que se entiende por&nbsp;<em>cookies<\/em>&nbsp;a meros efectos informativos. Las&nbsp;<em>cookies<\/em>&nbsp;que se utilizan en este sitio web se detallan en los apartados siguientes. Si quieres saber m\u00e1s sobre&nbsp;<em>cookies<\/em>, visita allaboutcookies.org\/es.<\/p>\n\n\n\n<p><strong>\u00bfQu\u00e9 tipos de&nbsp;<em>cookies<\/em>&nbsp;existen?<\/strong><\/p>\n\n\n\n<p>Esta secci\u00f3n proporciona una visi\u00f3n general de la tipolog\u00eda de&nbsp;<em>cookies<\/em>&nbsp;que se pueden utilizar en un sitio web.<\/p>\n\n\n\n<p>En funci\u00f3n del propietario, las&nbsp;<em>cookies<\/em>, pueden clasificarse en:<\/p>\n\n\n\n<ol class=\"wp-block-list\" style=\"list-style-type:lower-alpha\">\n<li><strong>Propias<\/strong>: aquellas que se env\u00edan al dispositivo del usuario desde un equipo gestionado por el propietario del sitio web que est\u00e1 utilizando, y desde el que se ofrece el servicio solicitado por el usuario.<\/li>\n\n\n\n<li><strong>De terceros<\/strong>: aquellas que se env\u00edan al dispositivo del usuario desde un equipo no gestionado por el propietario del sitio web visitado, sino por otra entidad que trata los datos obtenidos almacenados en las&nbsp;<em>cookies<\/em>.<\/li>\n<\/ol>\n\n\n\n<p>En funci\u00f3n de su finalidad, las&nbsp;<em>cookies<\/em>&nbsp;pueden clasificarse en:<\/p>\n\n\n\n<ol class=\"wp-block-list\" style=\"list-style-type:lower-alpha\">\n<li><strong>Estrictamente necesarias (t\u00e9cnicas)<\/strong>: permiten al usuario la navegaci\u00f3n y el uso de los servicios ofrecidos por el sitio web que visita, y se pueden utilizar, por ejemplo, para almacenar datos de la sesi\u00f3n (pistas utilizadas, pruebas superadas, etc.). Se descargan siempre.<\/li>\n\n\n\n<li><strong>De funcionalidad o personalizaci\u00f3n<\/strong>: permiten recordar informaci\u00f3n para que el usuario acceda al servicio con determinadas caracter\u00edsticas que pueden diferenciar su experiencia de la de otros usuarios, como, por ejemplo, el idioma, el tipo de navegador utilizado, etc.<\/li>\n\n\n\n<li><strong>De an\u00e1lisis<\/strong>: permiten cuantificar el n\u00famero de usuarios, las p\u00e1ginas visitadas y la interacci\u00f3n con las mismas, para as\u00ed realizar la medici\u00f3n y an\u00e1lisis estad\u00edstico de la utilizaci\u00f3n que hacen los usuarios, con el fin de introducir mejoras en funci\u00f3n del an\u00e1lisis de los datos de uso que hacen los usuarios del sitio web.<\/li>\n\n\n\n<li><strong>De publicidad<\/strong>: permiten la gesti\u00f3n de espacios publicitarios en el sitio web.<\/li>\n\n\n\n<li><strong>De publicidad comportamental<\/strong>: almacenan informaci\u00f3n del comportamiento de los usuarios obtenida a trav\u00e9s de la observaci\u00f3n continuada de sus h\u00e1bitos de navegaci\u00f3n, lo que permite desarrollar un perfil espec\u00edfico para mostrar publicidad en funci\u00f3n de este. Estas cookies permiten la gesti\u00f3n, de la forma m\u00e1s eficaz posible, de los espacios publicitarios que, en su caso, el propietario del sitio web haya incluido directamente o en colaboraci\u00f3n con terceros.<\/li>\n\n\n\n<li><strong>De redes sociales externas<\/strong>: se utilizan para que los visitantes de un sitio web puedan interactuar con el contenido de diferentes plataformas (<em>facebook<\/em>,&nbsp;<em>youtube<\/em>,&nbsp;<em>twitter<\/em>,&nbsp;<em>linkedin<\/em>,&nbsp;<em>instagram<\/em>, etc.) y se generan \u00fanicamente para los usuarios de esas plataformas. Las condiciones de utilizaci\u00f3n de estas cookies y de la informaci\u00f3n que almacenan se regulan en la pol\u00edtica de privacidad de la plataforma correspondiente.<\/li>\n<\/ol>\n\n\n\n<p>Por \u00faltimo, en funci\u00f3n del tiempo que permanecen almacenadas en el equipo del cliente, las cookies pueden ser:<\/p>\n\n\n\n<ol class=\"wp-block-list\" style=\"list-style-type:lower-alpha\">\n<li><strong>De sesi\u00f3n<\/strong>: almacenan datos mientras el usuario utiliza el sitio web. Suelen emplearse para guardar informaci\u00f3n que solo interesa conservar para la prestaci\u00f3n del servicio solicitado en una sola ocasi\u00f3n (por ejemplo, pistas utilizadas y pruebas superadas a lo largo del desarrollo de un juego).<\/li>\n\n\n\n<li><strong>Persistentes<\/strong>: almacenan datos en el dispositivo del usuario durante un plazo m\u00e1s o menos largo de tiempo (desde varios minutos a varios a\u00f1os) para que puedan ser tratados por el responsable de la cookie.<\/li>\n<\/ol>\n\n\n\n<p><strong>\u00bfC\u00f3mo gestionar las&nbsp;<em>cookies<\/em>?<\/strong><\/p>\n\n\n\n<p>El usuario tiene la opci\u00f3n de bloquear, eliminar o permitir eliminar las cookies instaladas en su equipo mediante la configuraci\u00f3n de las opciones del navegador que utiliza. Al bloquear o eliminar cookies, algunos de los servicios ofrecidos podr\u00edan dejar de funcionar. La forma de configurar el uso de las cookies depende del navegador. Normalmente puede hacerse desde el men\u00fa Herramientas u Opciones. Tambi\u00e9n puede consultarse el men\u00fa de Ayuda del navegador.<\/p>\n\n\n\n<p>Los enlaces siguientes explican c\u00f3mo configurar el uso de cookies en los navegadores m\u00e1s utilizados:<\/p>\n\n\n\n<ol class=\"wp-block-list\" style=\"list-style-type:lower-alpha\">\n<li><strong>Chrome<\/strong>:&nbsp;<a href=\"https:\/\/support.google.com\/chrome\/answer\/95647?hl=\">support.google.com\/chrome\/answer\/95647?hl=\u201des\u201d<\/a><strong><\/strong><\/li>\n\n\n\n<li><strong>Safari<\/strong>:&nbsp;<a href=\"https:\/\/www.apple.com\/legal\/privacy\/es\/cookies\/\">https:\/\/www.apple.com\/legal\/privacy\/es\/cookies\/<\/a><strong><\/strong><\/li>\n\n\n\n<li><strong>Microsoft Edge<\/strong>:&nbsp;<a href=\"https:\/\/support.microsoft.com\/es-es\/topic\/eliminar-y-administrar-cookies-168dab11-0753-043d-7c16-ede5947fc64d\">https:\/\/support.microsoft.com\/es-es\/topic\/eliminar-y-administrar-cookies-168dab11-0753-043d-7c16-ede5947fc64d<\/a><strong><\/strong><\/li>\n\n\n\n<li><strong>Firefox<\/strong>:&nbsp;<a href=\"https:\/\/support.mozilla.org\/es\/kb\/impedir-que-los-sitios-web-guarden-sus-preferencia\">http:\/\/support.mozilla.org\/es\/kb\/impedir-que-los-sitios-web-guarden-sus-preferencia<\/a><strong><\/strong><\/li>\n\n\n\n<li><strong>Opera<\/strong>&nbsp;(en ingl\u00e9s):&nbsp;<a href=\"http:\/\/help.opera.com\/Linux\/10.60\/es-ES\/cookies.html\">http:\/\/help.opera.com\/Linux\/10.60\/es-ES\/cookies.html<\/a><strong><\/strong><\/li>\n\n\n\n<li><strong>Internet Explorer<\/strong>:&nbsp;<a href=\"https:\/\/support.microsoft.com\/es-es\/topic\/eliminar-y-administrar-cookies-168dab11-0753-043d-7c16-ede5947fc64d#ie=\">https:\/\/support.microsoft.com\/es-es\/topic\/eliminar-y-administrar-cookies-168dab11-0753-043d-7c16-ede5947fc64d#ie=<\/a><strong><\/strong><\/li>\n<\/ol>\n\n\n\n<p>La configuraci\u00f3n de cookies es espec\u00edfica del navegador y del dispositivo que se utiliza. Por ello, si el usuario opta por configurar las cookies de una forma en un dispositivo y desea que esa configuraci\u00f3n se aplique de manera similar en otro dispositivo o navegador, deber\u00e1 repetir el proceso.<\/p>\n\n\n\n<p>Por \u00faltimo, y con respecto a las Cookies de terceros con la finalidad de proporcionar publicidad basada en los intereses de los usuarios, ciertos terceros pueden ser miembros de programas autorreguladores de publicidad comportamental online, que ofrecen opciones de exclusi\u00f3n voluntaria:<\/p>\n\n\n\n<ul class=\"wp-block-list\">\n<li>Google Analytics \u2013 https:\/\/tools.google.com\/dlpage\/gaoptout<\/li>\n<\/ul>\n\n\n\n<p><strong>Cookies utilizadas en https:\/\/putter-hack.com<\/strong><\/p>\n\n\n\n<p>En la tabla siguiente se detallan las cookies utilizadas en este sitio web:<\/p>\n\n\n\n<p><strong>Aceptaci\u00f3n de la Pol\u00edtica de cookies<\/strong><\/p>\n\n\n\n<p>El sitio web&nbsp;<a href=\"https:\/\/putter-hack.com\">https:\/\/putter-hack.com<\/a>&nbsp;asume que el usuario acepta el uso de cookies. No obstante, al acceder por primera vez a cualquier p\u00e1gina del sitio web, se muestra un aviso de cookies en el que se ofrece la posibilidad de aceptar o rechazar las cookies (todas) y en el que se muestra un enlace a esta pol\u00edtica de cookies.<\/p>\n\n\n\n<p>De momento no es t\u00e9cnicamente posible facilitar al usuario la selecci\u00f3n de las cookies que se pueden almacenar (t\u00e9cnicas, anal\u00edticas o de publicidad), por lo cual se deben aceptar o rechazar todas.<\/p>\n\n\n\n<p>Si se aceptan las cookies no se volver\u00e1 a mostrar el aviso en el equipo y navegador utilizado durante el plazo de 1 mes (periodo establecido para la vigencia de la cookie de aceptaci\u00f3n).<\/p>\n\n\n\n<p>Cerrar: Se oculta el aviso de cookies.<\/p>\n\n\n\n<p>Si se configura el navegador para que se bloquee el uso de cookies, el aviso de cookies se continuar\u00e1 mostrando en cada p\u00e1gina mientras se navega por el sitio web, y no se podr\u00e1 jugar a ninguno de los juegos ofrecidos.<\/p>\n","protected":false},"excerpt":{"rendered":"<p>Introducci\u00f3n En esta Pol\u00edtica de cookies se explica qu\u00e9 son las cookies que se instalan en los equipos de los usuarios del sitio web pala-hack.com, c\u00f3mo y para qu\u00e9 se utilizan esas cookies y c\u00f3mo se pueden configurar los distintos navegadores para bloquear su uso. \u00bfQu\u00e9 son las&nbsp;cookies? Una&nbsp;cookie&nbsp;es un peque\u00f1o fichero de texto que [&hellip;]<\/p>\n","protected":false},"author":1,"featured_media":0,"parent":0,"menu_order":0,"comment_status":"closed","ping_status":"closed","template":"page-legal.php","meta":{"_acf_changed":false,"footnotes":""},"class_list":["post-31956","page","type-page","status-publish","hentry"],"acf":[],"Campo_personalizado":null,"_links":{"self":[{"href":"https:\/\/pala-hack.com\/fr\/wp-json\/wp\/v2\/pages\/31956","targetHints":{"allow":["GET"]}}],"collection":[{"href":"https:\/\/pala-hack.com\/fr\/wp-json\/wp\/v2\/pages"}],"about":[{"href":"https:\/\/pala-hack.com\/fr\/wp-json\/wp\/v2\/types\/page"}],"author":[{"embeddable":true,"href":"https:\/\/pala-hack.com\/fr\/wp-json\/wp\/v2\/users\/1"}],"replies":[{"embeddable":true,"href":"https:\/\/pala-hack.com\/fr\/wp-json\/wp\/v2\/comments?post=31956"}],"version-history":[{"count":1,"href":"https:\/\/pala-hack.com\/fr\/wp-json\/wp\/v2\/pages\/31956\/revisions"}],"predecessor-version":[{"id":31961,"href":"https:\/\/pala-hack.com\/fr\/wp-json\/wp\/v2\/pages\/31956\/revisions\/31961"}],"wp:attachment":[{"href":"https:\/\/pala-hack.com\/fr\/wp-json\/wp\/v2\/media?parent=31956"}],"curies":[{"name":"wp","href":"https:\/\/api.w.org\/{rel}","templated":true}]}}